{"id":841,"date":"2026-03-16T11:00:05","date_gmt":"2026-03-16T11:00:05","guid":{"rendered":"https:\/\/ide.unigoyazes.edu.br\/?page_id=841"},"modified":"2026-03-16T15:02:06","modified_gmt":"2026-03-16T15:02:06","slug":"ide-site-em-manutencao","status":"publish","type":"page","link":"https:\/\/ide.unigoyazes.edu.br\/ide-site-em-manutencao\/","title":{"rendered":"IDE &#8211; Site em manuten\u00e7\u00e3o."},"content":{"rendered":"\t\t<div data-elementor-type=\"wp-page\" data-elementor-id=\"841\" class=\"elementor elementor-841\" data-elementor-post-type=\"page\">\n\t\t\t\t<div class=\"elementor-element elementor-element-9a6a6db e-flex e-con-boxed e-con e-parent\" data-id=\"9a6a6db\" data-element_type=\"container\" data-e-type=\"container\" data-settings=\"{&quot;background_background&quot;:&quot;classic&quot;}\">\n\t\t\t\t\t<div class=\"e-con-inner\">\n\t\t<div class=\"elementor-element elementor-element-efd92dd e-con-full e-flex e-con e-child\" data-id=\"efd92dd\" data-element_type=\"container\" data-e-type=\"container\">\n\t\t\t\t<div class=\"elementor-element elementor-element-d077517 elementor-widget elementor-widget-image\" data-id=\"d077517\" data-element_type=\"widget\" data-e-type=\"widget\" data-widget_type=\"image.default\">\n\t\t\t\t\t\t\t\t\t\t\t\t\t\t\t<img fetchpriority=\"high\" decoding=\"async\" width=\"1705\" height=\"607\" src=\"https:\/\/ide.unigoyazes.edu.br\/wp-content\/uploads\/2026\/03\/logo-1.png\" class=\"attachment-2048x2048 size-2048x2048 wp-image-560\" alt=\"\" srcset=\"https:\/\/ide.unigoyazes.edu.br\/wp-content\/uploads\/2026\/03\/logo-1.png 1705w, https:\/\/ide.unigoyazes.edu.br\/wp-content\/uploads\/2026\/03\/logo-1-300x107.png 300w, https:\/\/ide.unigoyazes.edu.br\/wp-content\/uploads\/2026\/03\/logo-1-1024x365.png 1024w, https:\/\/ide.unigoyazes.edu.br\/wp-content\/uploads\/2026\/03\/logo-1-768x273.png 768w, https:\/\/ide.unigoyazes.edu.br\/wp-content\/uploads\/2026\/03\/logo-1-1536x547.png 1536w\" sizes=\"(max-width: 1705px) 100vw, 1705px\" \/>\t\t\t\t\t\t\t\t\t\t\t\t\t\t\t<\/div>\n\t\t\t\t<\/div>\n\t\t<div class=\"elementor-element elementor-element-3ec7946 e-con-full e-flex e-con e-child\" data-id=\"3ec7946\" data-element_type=\"container\" data-e-type=\"container\">\n\t\t\t\t<\/div>\n\t\t\t\t\t<\/div>\n\t\t\t\t<\/div>\n\t\t<div class=\"elementor-element elementor-element-89f7759 e-flex e-con-boxed e-con e-parent\" data-id=\"89f7759\" data-element_type=\"container\" data-e-type=\"container\" id=\"inicio\" data-settings=\"{&quot;background_background&quot;:&quot;classic&quot;}\">\n\t\t\t\t\t<div class=\"e-con-inner\">\n\t\t<div class=\"elementor-element elementor-element-56f199d e-con-full e-flex e-con e-child\" data-id=\"56f199d\" data-element_type=\"container\" data-e-type=\"container\">\n\t\t\t\t<div class=\"elementor-element elementor-element-60374fc elementor-widget elementor-widget-heading\" data-id=\"60374fc\" data-element_type=\"widget\" data-e-type=\"widget\" data-settings=\"{&quot;_animation&quot;:&quot;none&quot;}\" data-widget_type=\"heading.default\">\n\t\t\t\t\t<h2 class=\"elementor-heading-title elementor-size-default\">Estamos melhorando sua experi\u00eancia\n<\/h2>\t\t\t\t<\/div>\n\t\t\t\t<div class=\"elementor-element elementor-element-4cbb4f5 elementor-widget elementor-widget-text-editor\" data-id=\"4cbb4f5\" data-element_type=\"widget\" data-e-type=\"widget\" data-settings=\"{&quot;_animation&quot;:&quot;none&quot;}\" data-widget_type=\"text-editor.default\">\n\t\t\t\t\t\t\t\t\t<p>Nosso site est\u00e1 passando por atualiza\u00e7\u00f5es para te oferecer algo ainda melhor. Em breve estamos de volta, mas voc\u00ea n\u00e3o precisa esperar.<\/p>\t\t\t\t\t\t\t\t<\/div>\n\t\t\t\t<div class=\"elementor-element elementor-element-7d37468 elementor-align-center elementor-mobile-align-center elementor-widget elementor-widget-button\" data-id=\"7d37468\" data-element_type=\"widget\" data-e-type=\"widget\" data-settings=\"{&quot;_animation&quot;:&quot;none&quot;}\" data-widget_type=\"button.default\">\n\t\t\t\t\t\t\t\t\t\t<a class=\"elementor-button elementor-button-link elementor-size-sm\" href=\"https:\/\/wa.me\/5511932240764?text=Quero%20saber%20mais%20informa%C3%A7%C3%B5es%20sobre%20a%20p%C3%B3s%20IDE\">\n\t\t\t\t\t\t<span class=\"elementor-button-content-wrapper\">\n\t\t\t\t\t\t\t\t\t<span class=\"elementor-button-text\">Falar com time de consultores<\/span>\n\t\t\t\t\t<\/span>\n\t\t\t\t\t<\/a>\n\t\t\t\t\t\t\t\t<\/div>\n\t\t\t\t<div class=\"elementor-element elementor-element-9f5b792 elementor-widget elementor-widget-text-editor\" data-id=\"9f5b792\" data-element_type=\"widget\" data-e-type=\"widget\" data-settings=\"{&quot;_animation&quot;:&quot;none&quot;}\" data-widget_type=\"text-editor.default\">\n\t\t\t\t\t\t\t\t\t<p><span style=\"font-weight: 400;\">Aplica\u00e7\u00f5es abertas para 2026\u00a0<br \/>Vagas limitadas por processo seletivo.<\/span><\/p>\t\t\t\t\t\t\t\t<\/div>\n\t\t\t\t<\/div>\n\t\t\t\t\t<\/div>\n\t\t\t\t<\/div>\n\t\t\t\t<\/div>\n\t\t","protected":false},"excerpt":{"rendered":"<p>Estamos melhorando sua experi\u00eancia Nosso site est\u00e1 passando por atualiza\u00e7\u00f5es para te oferecer algo ainda melhor. Em breve estamos de volta, mas voc\u00ea n\u00e3o precisa esperar. Falar com time de consultores Aplica\u00e7\u00f5es abertas para 2026\u00a0Vagas limitadas por processo seletivo.<\/p>\n","protected":false},"author":1,"featured_media":0,"parent":0,"menu_order":0,"comment_status":"closed","ping_status":"closed","template":"elementor_canvas","meta":{"footnotes":""},"class_list":["post-841","page","type-page","status-publish","hentry"],"_hostinger_reach_plugin_has_subscription_block":false,"_hostinger_reach_plugin_is_elementor":false,"_links":{"self":[{"href":"https:\/\/ide.unigoyazes.edu.br\/ide-site-em-manutencao\/wp-json\/wp\/v2\/pages\/841","targetHints":{"allow":["GET"]}}],"collection":[{"href":"https:\/\/ide.unigoyazes.edu.br\/ide-site-em-manutencao\/wp-json\/wp\/v2\/pages"}],"about":[{"href":"https:\/\/ide.unigoyazes.edu.br\/ide-site-em-manutencao\/wp-json\/wp\/v2\/types\/page"}],"author":[{"embeddable":true,"href":"https:\/\/ide.unigoyazes.edu.br\/ide-site-em-manutencao\/wp-json\/wp\/v2\/users\/1"}],"replies":[{"embeddable":true,"href":"https:\/\/ide.unigoyazes.edu.br\/ide-site-em-manutencao\/wp-json\/wp\/v2\/comments?post=841"}],"version-history":[{"count":4,"href":"https:\/\/ide.unigoyazes.edu.br\/ide-site-em-manutencao\/wp-json\/wp\/v2\/pages\/841\/revisions"}],"predecessor-version":[{"id":845,"href":"https:\/\/ide.unigoyazes.edu.br\/ide-site-em-manutencao\/wp-json\/wp\/v2\/pages\/841\/revisions\/845"}],"wp:attachment":[{"href":"https:\/\/ide.unigoyazes.edu.br\/ide-site-em-manutencao\/wp-json\/wp\/v2\/media?parent=841"}],"curies":[{"name":"wp","href":"https:\/\/api.w.org\/{rel}","templated":true}]}}